{"id":5,"date":"2024-02-11T12:52:26","date_gmt":"2024-02-11T11:52:26","guid":{"rendered":"https:\/\/afresneda.com\/?page_id=5"},"modified":"2024-10-14T14:55:51","modified_gmt":"2024-10-14T12:55:51","slug":"mesmerize","status":"publish","type":"page","link":"https:\/\/afresneda.com\/","title":{"rendered":"Front Page"},"content":{"rendered":"<div  data-label=\"Content\" data-id=\"content--3\" data-export-id=\"content-12\" data-category=\"content\" class=\"content-12 content-section content-section-spacing\" id=\"content-3\" style=\"background-color: rgb(255, 255, 255);\"><div  class=\"gridContainer\"> <div  class=\"row text-center\"><div  class=\"section-title-col\" data-type=\"column\"> <h2  class=\"\">El secreto del \u00e9xito<\/h2> <p  class=\"lead\">\n<br >Una de las cosas m\u00e1s importantes que he aprendido en mi vida es seguir siendo constante en cualquier \u00e1mbito.<\/p><p  class=\"lead\">Esto implica buscar un equilibrio entre el trabajo y la vida personal, \ncultivar relaciones saludables, perseguir pasiones y contribuir al \nbienestar de otros.\n<\/p><\/div> <\/div> <div  class=\"row center-xs middle-xs\"> <div  class=\"col-sm-9\" data-type=\"column\"> <\/div> <\/div><\/div> <\/div><div  data-label=\"Content\" data-id=\"content--2\" data-export-id=\"content-2\" data-category=\"content\" class=\"content-2 content-section content-section-spacing\" id=\"content-2\" style=\"background-color: rgb(255, 255, 255); background-image: none;\"><div  class=\"gridContainer\"> <div  class=\"row middle-xs\"><div  class=\"col-sm-5 bg-image shadow-large-black\" data-bg=\"image\" style=\"background-image: url(&quot;https:\/\/afresneda.com\/wp-content\/uploads\/2024\/02\/cup-of-coffee-1280537_1920.jpg&quot;);\"><\/div> <div  class=\"col-sm-7 full-col-left-padding full-col-right-padding\"> <div  class=\"row\"> <div  data-type=\"column\" class=\"space-bottom-small content-title-col content-center-sm\">  <h2  class=\"\">\n<br >Mis habilidades m\u00e1s destacadas<\/h2> <p  class=\"\">\n<br ><br >\n<\/p><\/div> <\/div> <div  class=\"row spaced-cols\" data-type=\"row\"> <div  class=\"col-xs-6\" data-type=\"column\"> <h5  class=\"\">Sistemas electr\u00f3nicos.<\/h5> <p  class=\"\">Desde hace m\u00e1s de 15 a\u00f1os abarcando el mundo de la electronica.<\/p><\/div><div  class=\"col-xs-6\" data-type=\"column\"> <h5  class=\"\">Servicio Web y Correo.<\/h5> <p  class=\"\">Desde el montaje del servidor hasta su dise\u00f1o visual.<\/p><\/div>   <div  class=\"col-xs-6\" data-type=\"column\"><h5  class=\"\">Dise\u00f1o de PC\u00b4s personalizados.<\/h5> <p  class=\"\">Pieza a pieza tu ordenador de sobremesa ensamblado con m\u00e1xima calidad.<\/p><\/div> <div  class=\"col-xs-6\" data-type=\"column\"> <h5  class=\"\">Soporte inform\u00e1tico.<\/h5> <p  class=\"\">Desde peque\u00f1os servicios en oficina hasta soporte VIP de clientes.<\/p><\/div><div  class=\"col-xs-6\" data-type=\"column\"><h5  class=\"\">Mundo Mercados Financieros<\/h5> <p  class=\"\">Mis habilidades en programaci\u00f3n aplicados a los futuros sobre \u00edndices.<\/p><\/div><div  class=\"col-xs-6\" data-type=\"column\"> <h5  class=\"\">Escuchar y atender a mi entorno.<\/h5> <p  class=\"\">Atender las necesidades, pero sobre todo demostrar mi confianza.<\/p><\/div><\/div><\/div> <\/div><\/div> <\/div><div  data-label=\"Portfolio\" data-id=\"portfolio--1\" data-export-id=\"portfolio-5\" data-category=\"portfolio\" class=\"portfolio-5 content-section content-section-spacing\" id=\"portfolio-1\" style=\"background-color: rgb(255, 255, 255);\">\n      <div  class=\"gridContainer\">\n          <div  class=\"row text-center\">\n              <div  class=\"section-title-col\" data-type=\"column\">\n                  <h2  class=\"\">Secciones<\/h2>\n                  <h3  class=\"\">\u2014\u2014\u2014\u2014\u2014\u2014<\/h3>\n              <\/div>\n          <\/div>\n          <div  class=\"row space-bottom spaced-cols\" data-type=\"row\">\n              <!-- ELECTR\u00d3NICA\/INFORM\u00c1TICA -->\n              <div  class=\"col-xs-12 col-sm-4 text-center\">\n                  <a href=\"https:\/\/www.afresneda.com\/ei\" target=\"_parent\" rel=\"noopener\" style=\"display: block; color: inherit; text-decoration: none;\" class=\"\">\n                      <div  class=\"card no-padding bordered\">\n                          <div  class=\"contentswap-effect contentswap-overlay\" style=\"width: 100%;\">\n                              <div  class=\"initial-image\">\n                                  <video  autoplay=\"\" muted=\"\" loop=\"\" playsinline=\"\" src=\"https:\/\/afresneda.com\/wp-content\/uploads\/2024\/02\/PCB2.mp4\"><\/video>\n                              <\/div>\n                              <div  class=\"overlay bg-color6\"><\/div>\n                              <div  class=\"swap-inner col-xs-12\">\n                                  <div  class=\"row full-height-row middle-xs middle-sm\">\n                                      <div  class=\"col-xs-12 text-center content-holder\">\n                                          <span  class=\"button small color1\">Visitar<\/span>\n                                      <\/div>\n                                  <\/div>\n                              <\/div>\n                          <\/div>\n                          <div  class=\"col-xs-12\">\n                              <div  class=\"space-bottom space-top\">\n                                  <h6 >ELECTR\u00d3NICA\/INFORM\u00c1TICA<\/h6>\n                                  <p  class=\"lead\">Experiencia profesional.<\/p>\n                              <\/div>\n                          <\/div>\n                      <\/div>\n                  <\/a>\n              <\/div>\n              <!-- PROGRAMACI\u00d3N -->\n              <div  class=\"col-xs-12 col-sm-4 text-center\">\n                  <a href=\"https:\/\/www.afresneda.com\/pro\" target=\"_parent\" rel=\"noopener\" style=\"display: block; color: inherit; text-decoration: none;\" class=\"\">\n                      <div  class=\"card no-padding bordered\">\n                          <div  class=\"contentswap-effect contentswap-overlay\" style=\"width: 100%;\">\n                              <div  class=\"initial-image\">\n                                  <video  autoplay=\"\" muted=\"\" loop=\"\" playsinline=\"\" src=\"https:\/\/www.afresneda.com\/wp-content\/uploads\/2024\/02\/PROG.mp4\"><\/video>\n                              <\/div>\n                              <div  class=\"overlay bg-color6\"><\/div>\n                              <div  class=\"swap-inner col-xs-12\">\n                                  <div  class=\"row full-height-row middle-xs middle-sm\">\n                                      <div  class=\"col-xs-12 text-center content-holder\">\n                                          <span  class=\"button small color1\">Visitar<\/span>\n                                      <\/div>\n                                  <\/div>\n                              <\/div>\n                          <\/div>\n                          <div  class=\"col-xs-12\">\n                              <div  class=\"space-bottom space-top\">\n                                  <h6 >PROGRAMACI\u00d3N<\/h6>\n                                  <p  class=\"lead\">Habilidades en programaci\u00f3n.<\/p>\n                              <\/div>\n                          <\/div>\n                      <\/div>\n                  <\/a>\n              <\/div>\n              <!-- MERCADOS FINANCIEROS -->\n              <div  class=\"col-xs-12 col-sm-4 text-center\">\n                  <a href=\"https:\/\/www.afresneda.com\/mercados\" target=\"_parent\" rel=\"noopener\" style=\"display: block; color: inherit; text-decoration: none;\" class=\"\">\n                      <div  class=\"card no-padding bordered\">\n                          <div  class=\"contentswap-effect contentswap-overlay\" style=\"width: 100%;\">\n                              <div  class=\"initial-image\">\n                                  <video  autoplay=\"\" muted=\"\" loop=\"\" playsinline=\"\" src=\"https:\/\/www.afresneda.com\/wp-content\/uploads\/2024\/02\/INVEST.mp4\"><\/video>\n                              <\/div>\n                              <div  class=\"overlay bg-color6\"><\/div>\n                              <div  class=\"swap-inner col-xs-12\">\n                                  <div  class=\"row full-height-row middle-xs middle-sm\">\n                                      <div  class=\"col-xs-12 text-center content-holder\">\n                                          <span  class=\"button small color1\">Visitar<\/span>\n                                      <\/div>\n                                  <\/div>\n                              <\/div>\n                          <\/div>\n                          <div  class=\"col-xs-12\">\n                              <div  class=\"space-bottom space-top\">\n                                  <h6 >MERCADOS FINANCIEROS<\/h6>\n                                  <p  class=\"lead\">Conocimientos sobre mercados.<\/p>\n                              <\/div>\n                          <\/div>\n                      <\/div>\n                  <\/a>\n              <\/div>\n          <\/div>\n      <\/div>\n  <\/div><div  data-label=\"Cta\" data-id=\"cta--1\" data-export-id=\"cta-blue-section\" data-category=\"cta\" class=\"cta-blue-section content-section content-section-spacing-medium bg-color1 white-text\" id=\"cta-1\"><div  class=\"gridContainer\"> <div  class=\"row middle-xs\"><div  class=\"col-sm-8 space-bottom-xs\" data-type=\"column\"><h4  class=\"\">Puedes contactar mediante correo electr\u00f3nico.<\/h4>  <\/div> <div  class=\"col-sm-4 end-sm\" data-type=\"column\"> <a class=\"button color2\" href=\"mailto:contacto@afresneda.com\" target=\"_blank\" data-cp-link=\"1\" rel=\"noopener\">Pulsando aqu\u00ed.<\/a><\/div> <\/div><\/div> <\/div>","protected":false},"excerpt":{"rendered":"<p>El secreto del \u00e9xito Una de las cosas m\u00e1s importantes que he aprendido en mi vida es seguir siendo constante en cualquier \u00e1mbito.Esto implica buscar un equilibrio entre el trabajo y la vida personal, cultivar relaciones saludables, perseguir pasiones y contribuir al bienestar de otros. Mis habilidades m\u00e1s destacadas Sistemas electr\u00f3nicos. Desde hace m\u00e1s de&hellip; <br \/> <a class=\"read-more\" href=\"https:\/\/afresneda.com\/\">Leer m\u00e1s<\/a><\/p>\n","protected":false},"author":1,"featured_media":0,"parent":0,"menu_order":0,"comment_status":"closed","ping_status":"closed","template":"page-templates\/homepage.php","meta":{"footnotes":""},"class_list":["post-5","page","type-page","status-publish","hentry"],"_links":{"self":[{"href":"https:\/\/afresneda.com\/index.php?rest_route=\/wp\/v2\/pages\/5","targetHints":{"allow":["GET"]}}],"collection":[{"href":"https:\/\/afresneda.com\/index.php?rest_route=\/wp\/v2\/pages"}],"about":[{"href":"https:\/\/afresneda.com\/index.php?rest_route=\/wp\/v2\/types\/page"}],"author":[{"embeddable":true,"href":"https:\/\/afresneda.com\/index.php?rest_route=\/wp\/v2\/users\/1"}],"replies":[{"embeddable":true,"href":"https:\/\/afresneda.com\/index.php?rest_route=%2Fwp%2Fv2%2Fcomments&post=5"}],"version-history":[{"count":102,"href":"https:\/\/afresneda.com\/index.php?rest_route=\/wp\/v2\/pages\/5\/revisions"}],"predecessor-version":[{"id":566,"href":"https:\/\/afresneda.com\/index.php?rest_route=\/wp\/v2\/pages\/5\/revisions\/566"}],"wp:attachment":[{"href":"https:\/\/afresneda.com\/index.php?rest_route=%2Fwp%2Fv2%2Fmedia&parent=5"}],"curies":[{"name":"wp","href":"https:\/\/api.w.org\/{rel}","templated":true}]}}